{"id":11965,"date":"2023-10-03T15:14:24","date_gmt":"2023-10-03T13:14:24","guid":{"rendered":"https:\/\/www.radicicarpet.it\/sostenibilita\/"},"modified":"2026-01-20T17:01:12","modified_gmt":"2026-01-20T16:01:12","slug":"nachhaltigkeit","status":"publish","type":"page","link":"https:\/\/www.radicicarpet.it\/de\/nachhaltigkeit\/","title":{"rendered":"Nachhaltigkeit"},"content":{"rendered":"","protected":false},"excerpt":{"rendered":"","protected":false},"author":1,"featured_media":0,"parent":0,"menu_order":0,"comment_status":"closed","ping_status":"closed","template":"template-sostenibilita.blade.php","meta":{"_acf_changed":false,"inline_featured_image":false,"footnotes":""},"class_list":["post-11965","page","type-page","status-publish","hentry"],"acf":[],"yoast_head":"<!-- This site is optimized with the Yoast SEO plugin v27.5 - https:\/\/yoast.com\/product\/yoast-seo-wordpress\/ -->\n<title>Nachhaltigkeit | Radici Moquette<\/title>\n<meta name=\"description\" content=\"Entdecken Sie unser Engagement f\u00fcr die Umwelt und Nachhaltigkeit in der Herstellung \u00f6kologischer textiler Bodenbel\u00e4ge. Eine gr\u00fcnere Zukunft ist m\u00f6glich.\" \/>\n<meta name=\"robots\" content=\"index, follow, max-snippet:-1, max-image-preview:large, max-video-preview:-1\" \/>\n<link rel=\"canonical\" href=\"https:\/\/www.radicicarpet.it\/de\/nachhaltigkeit\/\" \/>\n<meta property=\"og:locale\" content=\"de_DE\" \/>\n<meta property=\"og:type\" content=\"article\" \/>\n<meta property=\"og:title\" content=\"Nachhaltigkeit | Radici Moquette\" \/>\n<meta property=\"og:description\" content=\"Entdecken Sie unser Engagement f\u00fcr die Umwelt und Nachhaltigkeit in der Herstellung \u00f6kologischer textiler Bodenbel\u00e4ge. Eine gr\u00fcnere Zukunft ist m\u00f6glich.\" \/>\n<meta property=\"og:url\" content=\"https:\/\/www.radicicarpet.it\/de\/nachhaltigkeit\/\" \/>\n<meta property=\"og:site_name\" content=\"Radici\" \/>\n<meta property=\"article:modified_time\" content=\"2026-01-20T16:01:12+00:00\" \/>\n<meta property=\"og:image\" content=\"https:\/\/www.radicicarpet.it\/app\/uploads\/2023\/10\/radici_website_preview.jpg\" \/>\n\t<meta property=\"og:image:width\" content=\"1201\" \/>\n\t<meta property=\"og:image:height\" content=\"628\" \/>\n\t<meta property=\"og:image:type\" content=\"image\/jpeg\" \/>\n<meta name=\"twitter:card\" content=\"summary_large_image\" \/>\n<script type=\"application\/ld+json\" class=\"yoast-schema-graph\">{\"@context\":\"https:\\\/\\\/schema.org\",\"@graph\":[{\"@type\":\"WebPage\",\"@id\":\"https:\\\/\\\/www.radicicarpet.it\\\/de\\\/nachhaltigkeit\\\/\",\"url\":\"https:\\\/\\\/www.radicicarpet.it\\\/de\\\/nachhaltigkeit\\\/\",\"name\":\"Nachhaltigkeit | Radici Moquette\",\"isPartOf\":{\"@id\":\"https:\\\/\\\/www.radicicarpet.it\\\/de\\\/#website\"},\"datePublished\":\"2023-10-03T13:14:24+00:00\",\"dateModified\":\"2026-01-20T16:01:12+00:00\",\"description\":\"Entdecken Sie unser Engagement f\u00fcr die Umwelt und Nachhaltigkeit in der Herstellung \u00f6kologischer textiler Bodenbel\u00e4ge. Eine gr\u00fcnere Zukunft ist m\u00f6glich.\",\"breadcrumb\":{\"@id\":\"https:\\\/\\\/www.radicicarpet.it\\\/de\\\/nachhaltigkeit\\\/#breadcrumb\"},\"inLanguage\":\"de-DE\",\"potentialAction\":[{\"@type\":\"ReadAction\",\"target\":[\"https:\\\/\\\/www.radicicarpet.it\\\/de\\\/nachhaltigkeit\\\/\"]}]},{\"@type\":\"BreadcrumbList\",\"@id\":\"https:\\\/\\\/www.radicicarpet.it\\\/de\\\/nachhaltigkeit\\\/#breadcrumb\",\"itemListElement\":[{\"@type\":\"ListItem\",\"position\":1,\"name\":\"Home\",\"item\":\"https:\\\/\\\/www.radicicarpet.it\\\/de\\\/\"},{\"@type\":\"ListItem\",\"position\":2,\"name\":\"Nachhaltigkeit\"}]},{\"@type\":\"WebSite\",\"@id\":\"https:\\\/\\\/www.radicicarpet.it\\\/de\\\/#website\",\"url\":\"https:\\\/\\\/www.radicicarpet.it\\\/de\\\/\",\"name\":\"Radici Moquette\",\"description\":\"\",\"potentialAction\":[{\"@type\":\"SearchAction\",\"target\":{\"@type\":\"EntryPoint\",\"urlTemplate\":\"https:\\\/\\\/www.radicicarpet.it\\\/de\\\/?s={search_term_string}\"},\"query-input\":{\"@type\":\"PropertyValueSpecification\",\"valueRequired\":true,\"valueName\":\"search_term_string\"}}],\"inLanguage\":\"de-DE\"}]}<\/script>\n<!-- \/ Yoast SEO plugin. -->","yoast_head_json":{"title":"Nachhaltigkeit | Radici Moquette","description":"Entdecken Sie unser Engagement f\u00fcr die Umwelt und Nachhaltigkeit in der Herstellung \u00f6kologischer textiler Bodenbel\u00e4ge. Eine gr\u00fcnere Zukunft ist m\u00f6glich.","robots":{"index":"index","follow":"follow","max-snippet":"max-snippet:-1","max-image-preview":"max-image-preview:large","max-video-preview":"max-video-preview:-1"},"canonical":"https:\/\/www.radicicarpet.it\/de\/nachhaltigkeit\/","og_locale":"de_DE","og_type":"article","og_title":"Nachhaltigkeit | Radici Moquette","og_description":"Entdecken Sie unser Engagement f\u00fcr die Umwelt und Nachhaltigkeit in der Herstellung \u00f6kologischer textiler Bodenbel\u00e4ge. Eine gr\u00fcnere Zukunft ist m\u00f6glich.","og_url":"https:\/\/www.radicicarpet.it\/de\/nachhaltigkeit\/","og_site_name":"Radici","article_modified_time":"2026-01-20T16:01:12+00:00","og_image":[{"width":1201,"height":628,"url":"https:\/\/www.radicicarpet.it\/app\/uploads\/2023\/10\/radici_website_preview.jpg","type":"image\/jpeg"}],"twitter_card":"summary_large_image","schema":{"@context":"https:\/\/schema.org","@graph":[{"@type":"WebPage","@id":"https:\/\/www.radicicarpet.it\/de\/nachhaltigkeit\/","url":"https:\/\/www.radicicarpet.it\/de\/nachhaltigkeit\/","name":"Nachhaltigkeit | Radici Moquette","isPartOf":{"@id":"https:\/\/www.radicicarpet.it\/de\/#website"},"datePublished":"2023-10-03T13:14:24+00:00","dateModified":"2026-01-20T16:01:12+00:00","description":"Entdecken Sie unser Engagement f\u00fcr die Umwelt und Nachhaltigkeit in der Herstellung \u00f6kologischer textiler Bodenbel\u00e4ge. Eine gr\u00fcnere Zukunft ist m\u00f6glich.","breadcrumb":{"@id":"https:\/\/www.radicicarpet.it\/de\/nachhaltigkeit\/#breadcrumb"},"inLanguage":"de-DE","potentialAction":[{"@type":"ReadAction","target":["https:\/\/www.radicicarpet.it\/de\/nachhaltigkeit\/"]}]},{"@type":"BreadcrumbList","@id":"https:\/\/www.radicicarpet.it\/de\/nachhaltigkeit\/#breadcrumb","itemListElement":[{"@type":"ListItem","position":1,"name":"Home","item":"https:\/\/www.radicicarpet.it\/de\/"},{"@type":"ListItem","position":2,"name":"Nachhaltigkeit"}]},{"@type":"WebSite","@id":"https:\/\/www.radicicarpet.it\/de\/#website","url":"https:\/\/www.radicicarpet.it\/de\/","name":"Radici Moquette","description":"","potentialAction":[{"@type":"SearchAction","target":{"@type":"EntryPoint","urlTemplate":"https:\/\/www.radicicarpet.it\/de\/?s={search_term_string}"},"query-input":{"@type":"PropertyValueSpecification","valueRequired":true,"valueName":"search_term_string"}}],"inLanguage":"de-DE"}]}},"_links":{"self":[{"href":"https:\/\/www.radicicarpet.it\/de\/wp-json\/wp\/v2\/pages\/11965","targetHints":{"allow":["GET"]}}],"collection":[{"href":"https:\/\/www.radicicarpet.it\/de\/wp-json\/wp\/v2\/pages"}],"about":[{"href":"https:\/\/www.radicicarpet.it\/de\/wp-json\/wp\/v2\/types\/page"}],"author":[{"embeddable":true,"href":"https:\/\/www.radicicarpet.it\/de\/wp-json\/wp\/v2\/users\/1"}],"replies":[{"embeddable":true,"href":"https:\/\/www.radicicarpet.it\/de\/wp-json\/wp\/v2\/comments?post=11965"}],"version-history":[{"count":10,"href":"https:\/\/www.radicicarpet.it\/de\/wp-json\/wp\/v2\/pages\/11965\/revisions"}],"predecessor-version":[{"id":22481,"href":"https:\/\/www.radicicarpet.it\/de\/wp-json\/wp\/v2\/pages\/11965\/revisions\/22481"}],"wp:attachment":[{"href":"https:\/\/www.radicicarpet.it\/de\/wp-json\/wp\/v2\/media?parent=11965"}],"curies":[{"name":"wp","href":"https:\/\/api.w.org\/{rel}","templated":true}]}}