{"id":11881,"date":"2023-10-03T15:29:28","date_gmt":"2023-10-03T13:29:28","guid":{"rendered":"https:\/\/www.radicicarpet.it\/chi-siamo\/"},"modified":"2024-07-09T16:42:39","modified_gmt":"2024-07-09T14:42:39","slug":"aziendawer-sind-wir","status":"publish","type":"page","link":"https:\/\/www.radicicarpet.it\/de\/aziendawer-sind-wir\/","title":{"rendered":"Unternehmen"},"content":{"rendered":"","protected":false},"excerpt":{"rendered":"","protected":false},"author":1,"featured_media":0,"parent":0,"menu_order":0,"comment_status":"closed","ping_status":"closed","template":"template-azienda.blade.php","meta":{"_acf_changed":false,"inline_featured_image":false,"footnotes":""},"class_list":["post-11881","page","type-page","status-publish","hentry"],"acf":[],"yoast_head":"<!-- This site is optimized with the Yoast SEO plugin v27.2 - https:\/\/yoast.com\/product\/yoast-seo-wordpress\/ -->\n<title>Radici: 70 Jahre textile Exzellenz und nachhaltige Innovation<\/title>\n<meta name=\"description\" content=\"Erfahren Sie die Geschichte von Radici, einem f\u00fchrenden Unternehmen in der Textilbranche. Seit 1950 setzen wir uns f\u00fcr Exzellenz, Nachhaltigkeit und Kreativit\u00e4t ein.\" \/>\n<meta name=\"robots\" content=\"index, follow, max-snippet:-1, max-image-preview:large, max-video-preview:-1\" \/>\n<link rel=\"canonical\" href=\"https:\/\/www.radicicarpet.it\/de\/aziendawer-sind-wir\/\" \/>\n<meta property=\"og:locale\" content=\"de_DE\" \/>\n<meta property=\"og:type\" content=\"article\" \/>\n<meta property=\"og:title\" content=\"Radici: 70 Jahre textile Exzellenz und nachhaltige Innovation\" \/>\n<meta property=\"og:description\" content=\"Erfahren Sie die Geschichte von Radici, einem f\u00fchrenden Unternehmen in der Textilbranche. Seit 1950 setzen wir uns f\u00fcr Exzellenz, Nachhaltigkeit und Kreativit\u00e4t ein.\" \/>\n<meta property=\"og:url\" content=\"https:\/\/www.radicicarpet.it\/de\/aziendawer-sind-wir\/\" \/>\n<meta property=\"og:site_name\" content=\"Radici\" \/>\n<meta property=\"article:modified_time\" content=\"2024-07-09T14:42:39+00:00\" \/>\n<meta property=\"og:image\" content=\"https:\/\/www.radicicarpet.it\/app\/uploads\/2023\/10\/radici_website_preview.jpg\" \/>\n\t<meta property=\"og:image:width\" content=\"1201\" \/>\n\t<meta property=\"og:image:height\" content=\"628\" \/>\n\t<meta property=\"og:image:type\" content=\"image\/jpeg\" \/>\n<meta name=\"twitter:card\" content=\"summary_large_image\" \/>\n<script type=\"application\/ld+json\" class=\"yoast-schema-graph\">{\"@context\":\"https:\/\/schema.org\",\"@graph\":[{\"@type\":\"WebPage\",\"@id\":\"https:\/\/www.radicicarpet.it\/de\/aziendawer-sind-wir\/\",\"url\":\"https:\/\/www.radicicarpet.it\/de\/aziendawer-sind-wir\/\",\"name\":\"Radici: 70 Jahre textile Exzellenz und nachhaltige Innovation\",\"isPartOf\":{\"@id\":\"https:\/\/www.radicicarpet.it\/de\/#website\"},\"datePublished\":\"2023-10-03T13:29:28+00:00\",\"dateModified\":\"2024-07-09T14:42:39+00:00\",\"description\":\"Erfahren Sie die Geschichte von Radici, einem f\u00fchrenden Unternehmen in der Textilbranche. Seit 1950 setzen wir uns f\u00fcr Exzellenz, Nachhaltigkeit und Kreativit\u00e4t ein.\",\"breadcrumb\":{\"@id\":\"https:\/\/www.radicicarpet.it\/de\/aziendawer-sind-wir\/#breadcrumb\"},\"inLanguage\":\"de-DE\",\"potentialAction\":[{\"@type\":\"ReadAction\",\"target\":[\"https:\/\/www.radicicarpet.it\/de\/aziendawer-sind-wir\/\"]}]},{\"@type\":\"BreadcrumbList\",\"@id\":\"https:\/\/www.radicicarpet.it\/de\/aziendawer-sind-wir\/#breadcrumb\",\"itemListElement\":[{\"@type\":\"ListItem\",\"position\":1,\"name\":\"Home\",\"item\":\"https:\/\/www.radicicarpet.it\/de\/\"},{\"@type\":\"ListItem\",\"position\":2,\"name\":\"Unternehmen\"}]},{\"@type\":\"WebSite\",\"@id\":\"https:\/\/www.radicicarpet.it\/de\/#website\",\"url\":\"https:\/\/www.radicicarpet.it\/de\/\",\"name\":\"Radici Moquette\",\"description\":\"\",\"potentialAction\":[{\"@type\":\"SearchAction\",\"target\":{\"@type\":\"EntryPoint\",\"urlTemplate\":\"https:\/\/www.radicicarpet.it\/de\/?s={search_term_string}\"},\"query-input\":{\"@type\":\"PropertyValueSpecification\",\"valueRequired\":true,\"valueName\":\"search_term_string\"}}],\"inLanguage\":\"de-DE\"}]}<\/script>\n<!-- \/ Yoast SEO plugin. -->","yoast_head_json":{"title":"Radici: 70 Jahre textile Exzellenz und nachhaltige Innovation","description":"Erfahren Sie die Geschichte von Radici, einem f\u00fchrenden Unternehmen in der Textilbranche. Seit 1950 setzen wir uns f\u00fcr Exzellenz, Nachhaltigkeit und Kreativit\u00e4t ein.","robots":{"index":"index","follow":"follow","max-snippet":"max-snippet:-1","max-image-preview":"max-image-preview:large","max-video-preview":"max-video-preview:-1"},"canonical":"https:\/\/www.radicicarpet.it\/de\/aziendawer-sind-wir\/","og_locale":"de_DE","og_type":"article","og_title":"Radici: 70 Jahre textile Exzellenz und nachhaltige Innovation","og_description":"Erfahren Sie die Geschichte von Radici, einem f\u00fchrenden Unternehmen in der Textilbranche. Seit 1950 setzen wir uns f\u00fcr Exzellenz, Nachhaltigkeit und Kreativit\u00e4t ein.","og_url":"https:\/\/www.radicicarpet.it\/de\/aziendawer-sind-wir\/","og_site_name":"Radici","article_modified_time":"2024-07-09T14:42:39+00:00","og_image":[{"width":1201,"height":628,"url":"https:\/\/www.radicicarpet.it\/app\/uploads\/2023\/10\/radici_website_preview.jpg","type":"image\/jpeg"}],"twitter_card":"summary_large_image","schema":{"@context":"https:\/\/schema.org","@graph":[{"@type":"WebPage","@id":"https:\/\/www.radicicarpet.it\/de\/aziendawer-sind-wir\/","url":"https:\/\/www.radicicarpet.it\/de\/aziendawer-sind-wir\/","name":"Radici: 70 Jahre textile Exzellenz und nachhaltige Innovation","isPartOf":{"@id":"https:\/\/www.radicicarpet.it\/de\/#website"},"datePublished":"2023-10-03T13:29:28+00:00","dateModified":"2024-07-09T14:42:39+00:00","description":"Erfahren Sie die Geschichte von Radici, einem f\u00fchrenden Unternehmen in der Textilbranche. Seit 1950 setzen wir uns f\u00fcr Exzellenz, Nachhaltigkeit und Kreativit\u00e4t ein.","breadcrumb":{"@id":"https:\/\/www.radicicarpet.it\/de\/aziendawer-sind-wir\/#breadcrumb"},"inLanguage":"de-DE","potentialAction":[{"@type":"ReadAction","target":["https:\/\/www.radicicarpet.it\/de\/aziendawer-sind-wir\/"]}]},{"@type":"BreadcrumbList","@id":"https:\/\/www.radicicarpet.it\/de\/aziendawer-sind-wir\/#breadcrumb","itemListElement":[{"@type":"ListItem","position":1,"name":"Home","item":"https:\/\/www.radicicarpet.it\/de\/"},{"@type":"ListItem","position":2,"name":"Unternehmen"}]},{"@type":"WebSite","@id":"https:\/\/www.radicicarpet.it\/de\/#website","url":"https:\/\/www.radicicarpet.it\/de\/","name":"Radici Moquette","description":"","potentialAction":[{"@type":"SearchAction","target":{"@type":"EntryPoint","urlTemplate":"https:\/\/www.radicicarpet.it\/de\/?s={search_term_string}"},"query-input":{"@type":"PropertyValueSpecification","valueRequired":true,"valueName":"search_term_string"}}],"inLanguage":"de-DE"}]}},"_links":{"self":[{"href":"https:\/\/www.radicicarpet.it\/de\/wp-json\/wp\/v2\/pages\/11881","targetHints":{"allow":["GET"]}}],"collection":[{"href":"https:\/\/www.radicicarpet.it\/de\/wp-json\/wp\/v2\/pages"}],"about":[{"href":"https:\/\/www.radicicarpet.it\/de\/wp-json\/wp\/v2\/types\/page"}],"author":[{"embeddable":true,"href":"https:\/\/www.radicicarpet.it\/de\/wp-json\/wp\/v2\/users\/1"}],"replies":[{"embeddable":true,"href":"https:\/\/www.radicicarpet.it\/de\/wp-json\/wp\/v2\/comments?post=11881"}],"version-history":[{"count":10,"href":"https:\/\/www.radicicarpet.it\/de\/wp-json\/wp\/v2\/pages\/11881\/revisions"}],"predecessor-version":[{"id":17110,"href":"https:\/\/www.radicicarpet.it\/de\/wp-json\/wp\/v2\/pages\/11881\/revisions\/17110"}],"wp:attachment":[{"href":"https:\/\/www.radicicarpet.it\/de\/wp-json\/wp\/v2\/media?parent=11881"}],"curies":[{"name":"wp","href":"https:\/\/api.w.org\/{rel}","templated":true}]}}